{"id":1605,"date":"2019-04-01T10:20:56","date_gmt":"2019-04-01T10:20:56","guid":{"rendered":"http:\/\/avantage.bold-themes.com\/business\/?page_id=1605"},"modified":"2026-03-19T02:42:58","modified_gmt":"2026-03-18T23:42:58","slug":"hotel-consulting-faq","status":"publish","type":"page","link":"https:\/\/www.kuramanagement.com\/en\/hotel-consulting-faq\/","title":{"rendered":"Hotel Consulting FAQ"},"content":{"rendered":"<section id=\"bt_bb_section69e1d9cf446ae\" class=\"bt_bb_section bt_bb_layout_boxed_1200 bt_bb_vertical_align_top bt_bb_bottom_spacing_normal bt_bb_section_show_right_boxed_content\" style=\"background-position:right 85%;background-size:auto;\" data-bt-override-class=\"null\"><div class=\"bt_bb_background_image_holder_wrapper\"><div class=\"bt_bb_background_image_holder btLazyLoadBackground\"  data-background_image_src=\"https:\/\/www.kuramanagement.com\/en\/wp-content\/uploads\/2019\/04\/bgn-experience.png\" data-parallax-zoom-start=\"1\" data-parallax-zoom-end=\"1\" data-parallax-blur-start=\"0\" data-parallax-blur-end=\"0\" data-parallax-opacity-start=\"1\" data-parallax-opacity-end=\"1\" style=\" background-image: url(&#039;https:\/\/www.kuramanagement.com\/en\/wp-content\/plugins\/bold-page-builder\/img\/blank.gif&#039;);\"><\/div><\/div><div class=\"bt_bb_port\"><div class=\"bt_bb_cell\"><div class=\"bt_bb_cell_inner\"><div class=\"bt_bb_row \"  data-bt-override-class=\"{}\"><div class=\"bt_bb_row_holder\" ><div  class=\"bt_bb_column col-xxl-6 col-xl-6 bt_bb_vertical_align_top bt_bb_align_left bt_bb_padding_normal bt_bb_animation_fade_in move_right animate bt_bb_mobile_align_to_left_edge\" style=\"; --column-width:6;\" data-width=\"6\" data-bt-override-class=\"{}\"><div class=\"bt_bb_column_content\"><div class=\"bt_bb_column_content_inner\"><div class=\"bt_bb_image bt_bb_shape_square bt_bb_target_self bt_bb_align_inherit bt_bb_hover_style_simple bt_bb_content_display_always bt_bb_content_align_middle\" data-bt-override-class=\"{}\"><span><img fetchpriority=\"high\" decoding=\"async\" width=\"1238\" height=\"1469\" src=\"https:\/\/www.kuramanagement.com\/en\/wp-content\/uploads\/2019\/04\/img-faq-1.png\" class=\"attachment-full size-full\" alt=\"https:\/\/www.kuramanagement.com\/en\/wp-content\/uploads\/2019\/04\/img-faq-1.png\" data-full_image_src=\"https:\/\/www.kuramanagement.com\/en\/wp-content\/uploads\/2019\/04\/img-faq-1.png\" title=\"img-faq-1\" loading=\"eager\" srcset=\"https:\/\/www.kuramanagement.com\/en\/wp-content\/uploads\/2019\/04\/img-faq-1.png 1238w, https:\/\/www.kuramanagement.com\/en\/wp-content\/uploads\/2019\/04\/img-faq-1-640x759.png 640w, https:\/\/www.kuramanagement.com\/en\/wp-content\/uploads\/2019\/04\/img-faq-1-768x911.png 768w, https:\/\/www.kuramanagement.com\/en\/wp-content\/uploads\/2019\/04\/img-faq-1-320x380.png 320w\" sizes=\"(max-width: 1238px) 100vw, 1238px\" \/><\/span><\/div><div class=\"bt_bb_separator bt_bb_border_style_none bt_bb_bottom_spacing_medium bt_bb_hidden_sm bt_bb_hidden_md bt_bb_hidden_lg\" data-bt-override-class=\"null\"><\/div><\/div><\/div><\/div><div  class=\"bt_bb_column col-xxl-6 col-xl-6 bt_bb_vertical_align_top bt_bb_align_left bt_bb_padding_normal bt_bb_animation_fade_in move_up animate\" style=\"; --column-width:6;\" data-width=\"6\" data-bt-override-class=\"{}\"><div class=\"bt_bb_column_content\"><div class=\"bt_bb_column_content_inner\"><div class=\"bt_bb_separator bt_bb_border_style_none bt_bb_bottom_spacing_large bt_bb_hidden_xs bt_bb_hidden_ms bt_bb_hidden_sm\" data-bt-override-class=\"null\"><\/div><header data-bb-version=\"5.6.9\" class=\"bt_bb_headline bt_bb_dash_top bt_bb_subheadline bt_bb_size_large bt_bb_align_inherit\" data-bt-override-class=\"{}\"><h2 class=\"bt_bb_headline_tag\"><span class=\"bt_bb_headline_content\"><span><u>Kura Consulting<\/u><br \/><br \/>\n<u>Ltd. \u015eti<\/u><\/span><\/span><\/h2><div class=\"bt_bb_headline_subheadline\">Here you can find answers to the most frequently asked questions about our hotel consulting and revenue management services. Review the questions below to get quick and clear information about our service processes and operating model.<\/div><\/header><div class=\"bt_bb_separator bt_bb_border_style_none bt_bb_bottom_spacing_normal\" data-bt-override-class=\"null\"><\/div><div class=\"bt_bb_accordion bt_bb_style_simple bt_bb_shape_square\"><div data-bb-version=\"5.6.9\" class=\"bt_bb_accordion_item\"><div class=\"bt_bb_accordion_item_title\">Otel dan\u0131\u015fmanl\u0131\u011f\u0131 nedir?<\/div><div class=\"bt_bb_accordion_item_content\"><div  class=\"bt_bb_text\" ><\/p>\n<p>Hotel consulting is a professional service offered to hotels to improve their sales, marketing, and revenue management processes.<\/p>\n<p>\n<\/div><\/div><\/div><div data-bb-version=\"5.6.9\" class=\"bt_bb_accordion_item\"><div class=\"bt_bb_accordion_item_title\">Which hotels are suitable for hotel consulting services?<\/div><div class=\"bt_bb_accordion_item_content\"><div  class=\"bt_bb_text\" ><\/p>\n<p>Butik otellerden b\u00fcy\u00fck resort tesislere kadar t\u00fcm konaklama i\u015fletmeleri i\u00e7in uygundur.<\/p>\n<p>\n<\/div><\/div><\/div><div data-bb-version=\"5.6.9\" class=\"bt_bb_accordion_item\"><div class=\"bt_bb_accordion_item_title\">What is revenue management?<\/div><div class=\"bt_bb_accordion_item_content\"><div  class=\"bt_bb_text\" ><\/p>\n<p><span class=\"HwtZe\" lang=\"en\"><span class=\"jCAhz ChMk0b\"><span class=\"ryNqvb\">Revenue management is a strategy for selling the right room to the right customer at the right time and at the right price.<\/span><\/span><\/span><\/p>\n<p>\n<\/div><\/div><\/div><div data-bb-version=\"5.6.9\" class=\"bt_bb_accordion_item\"><div class=\"bt_bb_accordion_item_title\">How can I improve my ranking on OTA platforms like Booking?<\/div><div class=\"bt_bb_accordion_item_content\"><div  class=\"bt_bb_text\" ><\/p>\n<p><span class=\"HwtZe\" lang=\"en\"><span class=\"jCAhz ChMk0b\"><span class=\"ryNqvb\">Visibility on OTA platforms depends on many factors, including pricing strategy, review scores, availability management, and conversion rates.<\/span><\/span><\/span><\/p>\n<p>\n<\/div><\/div><\/div><div data-bb-version=\"5.6.9\" class=\"bt_bb_accordion_item\"><div class=\"bt_bb_accordion_item_title\">How to reduce booking commission?<\/div><div class=\"bt_bb_accordion_item_content\"><div  class=\"bt_bb_text\" ><\/p>\n<p><span class=\"HwtZe\" lang=\"en\"><span class=\"jCAhz ChMk0b\"><span class=\"ryNqvb\">Commission costs can be reduced by optimizing OTA sales while simultaneously improving website bookings and direct sales channels.<\/span><\/span><\/span><\/p>\n<p>\n<\/div><\/div><\/div><div data-bb-version=\"5.6.9\" class=\"bt_bb_accordion_item\"><div class=\"bt_bb_accordion_item_title\">How long does the consultation process last?<\/div><div class=\"bt_bb_accordion_item_content\"><div  class=\"bt_bb_text\" ><\/p>\n<p><span class=\"HwtZe\" lang=\"en\"><span class=\"jCAhz ChMk0b\"><span class=\"ryNqvb\">Projects are typically implemented using a strategic consulting model lasting 6 to 12 months.<\/span><\/span><\/span><\/p>\n<p>\n<\/div><\/div><\/div><div data-bb-version=\"5.6.9\" class=\"bt_bb_accordion_item\"><div class=\"bt_bb_accordion_item_title\">Is the consultation service offered online?<\/div><div class=\"bt_bb_accordion_item_content\"><div  class=\"bt_bb_text\" ><\/p>\n<p><span class=\"HwtZe\" lang=\"en\"><span class=\"jCAhz ChMk0b\"><span class=\"ryNqvb\">Projects are typically implemented using a strategic consulting model lasting 6 to 12 months.<\/span><\/span><\/span><\/p>\n<p>\n<\/div><\/div><\/div><\/div><div  class=\"bt_bb_text\" ><\/p>\n<p><span class=\"HwtZe\" lang=\"en\"><span class=\"jCAhz ChMk0b\"><span class=\"ryNqvb\">Services can be delivered both online and through destination based field work.<\/span><\/span><\/span><\/p>\n<p>\n<\/div><\/div><\/div><\/div><\/div><\/div><\/div><!-- cell_inner --><\/div><!-- cell --><\/div><!-- port --><\/section>\n","protected":false},"excerpt":{"rendered":"<p>Here you can find answers to the most frequently asked questions about our hotel consulting, revenue management, and sales strategies. You can quickly learn how our services work and how they add value to hotels.<\/p>\n","protected":false},"author":2,"featured_media":2512,"parent":0,"menu_order":0,"comment_status":"closed","ping_status":"closed","template":"","meta":{"footnotes":""},"class_list":["post-1605","page","type-page","status-publish","has-post-thumbnail","hentry"],"aioseo_notices":[],"_links":{"self":[{"href":"https:\/\/www.kuramanagement.com\/en\/wp-json\/wp\/v2\/pages\/1605","targetHints":{"allow":["GET"]}}],"collection":[{"href":"https:\/\/www.kuramanagement.com\/en\/wp-json\/wp\/v2\/pages"}],"about":[{"href":"https:\/\/www.kuramanagement.com\/en\/wp-json\/wp\/v2\/types\/page"}],"author":[{"embeddable":true,"href":"https:\/\/www.kuramanagement.com\/en\/wp-json\/wp\/v2\/users\/2"}],"replies":[{"embeddable":true,"href":"https:\/\/www.kuramanagement.com\/en\/wp-json\/wp\/v2\/comments?post=1605"}],"version-history":[{"count":0,"href":"https:\/\/www.kuramanagement.com\/en\/wp-json\/wp\/v2\/pages\/1605\/revisions"}],"wp:featuredmedia":[{"embeddable":true,"href":"https:\/\/www.kuramanagement.com\/en\/wp-json\/wp\/v2\/media\/2512"}],"wp:attachment":[{"href":"https:\/\/www.kuramanagement.com\/en\/wp-json\/wp\/v2\/media?parent=1605"}],"curies":[{"name":"wp","href":"https:\/\/api.w.org\/{rel}","templated":true}]}}